{"id":2014,"date":"2021-05-28T15:20:43","date_gmt":"2021-05-28T18:20:43","guid":{"rendered":"https:\/\/servi-maz.com.ar\/ingenieria-y-construccion\/?page_id=2014"},"modified":"2025-11-11T11:55:13","modified_gmt":"2025-11-11T14:55:13","slug":"mantenimiento-de-surtidores","status":"publish","type":"page","link":"https:\/\/servi-maz.com.ar\/ingenieriayconstruccion\/mantenimiento-de-surtidores\/","title":{"rendered":"Mantenimiento de Surtidores"},"content":{"rendered":"\t\t<div data-elementor-type=\"wp-page\" data-elementor-id=\"2014\" class=\"elementor elementor-2014\">\n\t\t\t\t\t\t<section class=\"elementor-section elementor-top-section elementor-element elementor-element-ae6fcd2 elementor-section-boxed elementor-section-height-default elementor-section-height-default\" data-id=\"ae6fcd2\" data-element_type=\"section\" data-e-type=\"section\">\n\t\t\t\t\t\t<div class=\"elementor-container elementor-column-gap-default\">\n\t\t\t\t\t<div class=\"elementor-column elementor-col-100 elementor-top-column elementor-element elementor-element-ec1d215\" data-id=\"ec1d215\" data-element_type=\"column\" data-e-type=\"column\">\n\t\t\t<div class=\"elementor-widget-wrap elementor-element-populated\">\n\t\t\t\t\t\t<div class=\"elementor-element elementor-element-4f2ac41 elementor-widget elementor-widget-heading\" data-id=\"4f2ac41\" data-element_type=\"widget\" data-e-type=\"widget\" data-widget_type=\"heading.default\">\n\t\t\t\t<div class=\"elementor-widget-container\">\n\t\t\t\t\t<h2 class=\"elementor-heading-title elementor-size-default\">SERVICIOS<\/h2>\t\t\t\t<\/div>\n\t\t\t\t<\/div>\n\t\t\t\t<div class=\"elementor-element elementor-element-8b92ce5 elementor-invisible elementor-widget elementor-widget-heading\" data-id=\"8b92ce5\" data-element_type=\"widget\" data-e-type=\"widget\" data-settings=\"{&quot;_animation&quot;:&quot;fadeIn&quot;}\" data-widget_type=\"heading.default\">\n\t\t\t\t<div class=\"elementor-widget-container\">\n\t\t\t\t\t<h2 class=\"elementor-heading-title elementor-size-default\">Mantenimieto y reparaci\u00f3n<\/h2>\t\t\t\t<\/div>\n\t\t\t\t<\/div>\n\t\t\t\t\t<\/div>\n\t\t<\/div>\n\t\t\t\t\t<\/div>\n\t\t<\/section>\n\t\t\t\t<section class=\"elementor-section elementor-top-section elementor-element elementor-element-604ee7b elementor-section-boxed elementor-section-height-default elementor-section-height-default\" data-id=\"604ee7b\" data-element_type=\"section\" data-e-type=\"section\">\n\t\t\t\t\t\t<div class=\"elementor-container elementor-column-gap-default\">\n\t\t\t\t\t<div class=\"elementor-column elementor-col-100 elementor-top-column elementor-element elementor-element-035b70a\" data-id=\"035b70a\" data-element_type=\"column\" data-e-type=\"column\">\n\t\t\t<div class=\"elementor-widget-wrap elementor-element-populated\">\n\t\t\t\t\t\t<div class=\"elementor-element elementor-element-675aca0 elementor-widget elementor-widget-text-editor\" data-id=\"675aca0\" data-element_type=\"widget\" data-e-type=\"widget\" data-widget_type=\"text-editor.default\">\n\t\t\t\t<div class=\"elementor-widget-container\">\n\t\t\t\t\t\t\t\t\t<p>\u25a0 Service de mantenimiento de surtidores<br \/>Realizamos mantenimiento y reparaci\u00f3n integral de surtidores y equipos afines, en campo y en nuestro taller, garantizando el correcto funcionamiento de los equipos.<br \/>Reparamos y comercializamos componentes hidr\u00e1ulicos y electr\u00f3nicos para surtidores.<\/p>\t\t\t\t\t\t\t\t<\/div>\n\t\t\t\t<\/div>\n\t\t\t\t\t<\/div>\n\t\t<\/div>\n\t\t\t\t\t<\/div>\n\t\t<\/section>\n\t\t\t\t<section class=\"elementor-section elementor-top-section elementor-element elementor-element-a5edb78 elementor-section-boxed elementor-section-height-default elementor-section-height-default\" data-id=\"a5edb78\" data-element_type=\"section\" data-e-type=\"section\">\n\t\t\t\t\t\t<div class=\"elementor-container elementor-column-gap-default\">\n\t\t\t\t\t<div class=\"elementor-column elementor-col-50 elementor-top-column elementor-element elementor-element-21cd47c\" data-id=\"21cd47c\" data-element_type=\"column\" data-e-type=\"column\">\n\t\t\t<div class=\"elementor-widget-wrap elementor-element-populated\">\n\t\t\t\t\t\t<div class=\"elementor-element elementor-element-a9ce83f elementor-widget elementor-widget-text-editor\" data-id=\"a9ce83f\" data-element_type=\"widget\" data-e-type=\"widget\" data-widget_type=\"text-editor.default\">\n\t\t\t\t<div class=\"elementor-widget-container\">\n\t\t\t\t\t\t\t\t\t<p>\u2022 Mantenimiento Preventivo <br \/>\u2022 Mantenimiento Correctivo<br \/>\u2022 Reparaci\u00f3n de surtidores, picos mangueras, etc.<br \/>\u2022 Calibraci\u00f3n de medidores, surtidores y caudalimetros.<br \/>\u2022 Calibraci\u00f3n con medida patr\u00f3n de 200 y 500 litos a equipos de despacho y distribuidores directos.<br \/>\u2022 Purga de tanques.<br \/>\u2022 Control de medidas.<br \/>\u2022 Limpieza de surtidores.<br \/>\u2022 Limpieza de filtros.<br \/>\u2022 Control de caudal de bombas.<br \/>\u2022 Verificaci\u00f3n de hermeticidad de bocas de carga.<br \/>\u2022 Comercializaci\u00f3n de repuestos y accesorios para surtidores.<\/p>\t\t\t\t\t\t\t\t<\/div>\n\t\t\t\t<\/div>\n\t\t\t\t\t<\/div>\n\t\t<\/div>\n\t\t\t\t<div class=\"elementor-column elementor-col-50 elementor-top-column elementor-element elementor-element-722da9e\" data-id=\"722da9e\" data-element_type=\"column\" data-e-type=\"column\">\n\t\t\t<div class=\"elementor-widget-wrap elementor-element-populated\">\n\t\t\t\t\t\t<div class=\"elementor-element elementor-element-d20fc9a elementor-widget elementor-widget-image\" data-id=\"d20fc9a\" data-element_type=\"widget\" data-e-type=\"widget\" data-widget_type=\"image.default\">\n\t\t\t\t<div class=\"elementor-widget-container\">\n\t\t\t\t\t\t\t\t\t\t\t\t\t\t\t<img fetchpriority=\"high\" decoding=\"async\" width=\"610\" height=\"610\" src=\"https:\/\/servi-maz.com.ar\/ingenieriayconstruccion\/wp-content\/uploads\/2021\/05\/mantenimientoyreparacion.png\" class=\"attachment-large size-large wp-image-2022\" alt=\"\" srcset=\"https:\/\/servi-maz.com.ar\/ingenieriayconstruccion\/wp-content\/uploads\/2021\/05\/mantenimientoyreparacion.png 610w, https:\/\/servi-maz.com.ar\/ingenieriayconstruccion\/wp-content\/uploads\/2021\/05\/mantenimientoyreparacion-300x300.png 300w, https:\/\/servi-maz.com.ar\/ingenieriayconstruccion\/wp-content\/uploads\/2021\/05\/mantenimientoyreparacion-150x150.png 150w, https:\/\/servi-maz.com.ar\/ingenieriayconstruccion\/wp-content\/uploads\/2021\/05\/mantenimientoyreparacion-200x200.png 200w, https:\/\/servi-maz.com.ar\/ingenieriayconstruccion\/wp-content\/uploads\/2021\/05\/mantenimientoyreparacion-600x600.png 600w, https:\/\/servi-maz.com.ar\/ingenieriayconstruccion\/wp-content\/uploads\/2021\/05\/mantenimientoyreparacion-100x100.png 100w\" sizes=\"(max-width: 610px) 100vw, 610px\" \/>\t\t\t\t\t\t\t\t\t\t\t\t\t\t\t<\/div>\n\t\t\t\t<\/div>\n\t\t\t\t\t<\/div>\n\t\t<\/div>\n\t\t\t\t\t<\/div>\n\t\t<\/section>\n\t\t\t\t<\/div>\n\t\t","protected":false},"excerpt":{"rendered":"<p>SERVICIOS Mantenimieto y reparaci\u00f3n \u25a0 Service de mantenimiento de surtidoresRealizamos mantenimiento y reparaci\u00f3n integral de surtidores y equipos afines, en campo y en nuestro taller, garantizando el correcto funcionamiento de los equipos.Reparamos y comercializamos componentes hidr\u00e1ulicos y electr\u00f3nicos para surtidores. \u2022 Mantenimiento Preventivo \u2022 Mantenimiento Correctivo\u2022 Reparaci\u00f3n de surtidores, picos mangueras, etc.\u2022 Calibraci\u00f3n de medidores, [&hellip;]<\/p>\n","protected":false},"author":2,"featured_media":0,"parent":0,"menu_order":0,"comment_status":"closed","ping_status":"closed","template":"","meta":{"_monsterinsights_skip_tracking":false,"_monsterinsights_sitenote_active":false,"_monsterinsights_sitenote_note":"","_monsterinsights_sitenote_category":0,"ocean_post_layout":"","ocean_both_sidebars_style":"","ocean_both_sidebars_content_width":0,"ocean_both_sidebars_sidebars_width":0,"ocean_sidebar":"0","ocean_second_sidebar":"0","ocean_disable_margins":"enable","ocean_add_body_class":"","ocean_shortcode_before_top_bar":"","ocean_shortcode_after_top_bar":"","ocean_shortcode_before_header":"","ocean_shortcode_after_header":"","ocean_has_shortcode":"","ocean_shortcode_after_title":"","ocean_shortcode_before_footer_widgets":"","ocean_shortcode_after_footer_widgets":"","ocean_shortcode_before_footer_bottom":"","ocean_shortcode_after_footer_bottom":"","ocean_display_top_bar":"default","ocean_display_header":"default","ocean_header_style":"","ocean_center_header_left_menu":"0","ocean_custom_header_template":"0","ocean_custom_logo":0,"ocean_custom_retina_logo":0,"ocean_custom_logo_max_width":0,"ocean_custom_logo_tablet_max_width":0,"ocean_custom_logo_mobile_max_width":0,"ocean_custom_logo_max_height":0,"ocean_custom_logo_tablet_max_height":0,"ocean_custom_logo_mobile_max_height":0,"ocean_header_custom_menu":"0","ocean_menu_typo_font_family":"0","ocean_menu_typo_font_subset":"","ocean_menu_typo_font_size":0,"ocean_menu_typo_font_size_tablet":0,"ocean_menu_typo_font_size_mobile":0,"ocean_menu_typo_font_size_unit":"px","ocean_menu_typo_font_weight":"","ocean_menu_typo_font_weight_tablet":"","ocean_menu_typo_font_weight_mobile":"","ocean_menu_typo_transform":"","ocean_menu_typo_transform_tablet":"","ocean_menu_typo_transform_mobile":"","ocean_menu_typo_line_height":0,"ocean_menu_typo_line_height_tablet":0,"ocean_menu_typo_line_height_mobile":0,"ocean_menu_typo_line_height_unit":"","ocean_menu_typo_spacing":0,"ocean_menu_typo_spacing_tablet":0,"ocean_menu_typo_spacing_mobile":0,"ocean_menu_typo_spacing_unit":"","ocean_menu_link_color":"","ocean_menu_link_color_hover":"","ocean_menu_link_color_active":"","ocean_menu_link_background":"","ocean_menu_link_hover_background":"","ocean_menu_link_active_background":"","ocean_menu_social_links_bg":"","ocean_menu_social_hover_links_bg":"","ocean_menu_social_links_color":"","ocean_menu_social_hover_links_color":"","ocean_disable_title":"default","ocean_disable_heading":"default","ocean_post_title":"","ocean_post_subheading":"","ocean_post_title_style":"","ocean_post_title_background_color":"","ocean_post_title_background":0,"ocean_post_title_bg_image_position":"","ocean_post_title_bg_image_attachment":"","ocean_post_title_bg_image_repeat":"","ocean_post_title_bg_image_size":"","ocean_post_title_height":0,"ocean_post_title_bg_overlay":0.5,"ocean_post_title_bg_overlay_color":"","ocean_disable_breadcrumbs":"default","ocean_breadcrumbs_color":"","ocean_breadcrumbs_separator_color":"","ocean_breadcrumbs_links_color":"","ocean_breadcrumbs_links_hover_color":"","ocean_display_footer_widgets":"default","ocean_display_footer_bottom":"default","ocean_custom_footer_template":"0","footnotes":""},"class_list":["post-2014","page","type-page","status-publish","hentry","entry","owp-thumbs-layout-horizontal","owp-btn-normal","owp-tabs-layout-horizontal","has-no-thumbnails","has-product-nav"],"yoast_head":"<!-- This site is optimized with the Yoast SEO plugin v27.3 - https:\/\/yoast.com\/product\/yoast-seo-wordpress\/ -->\n<title>Mantenimiento de Surtidores - Servi-Maz - .: Ingenier\u00eda y Construcci\u00f3n :. - .: Sitio Oficial :.<\/title>\n<meta name=\"description\" content=\"Mantenimiento t\u00e9cnico y reparaci\u00f3n integral de surtidores electromec\u00e1nicos y equipos afines. Calibraci\u00f3n. Control, Limpieza y Repuestos.\" \/>\n<meta name=\"robots\" content=\"index, follow, max-snippet:-1, max-image-preview:large, max-video-preview:-1\" \/>\n<link rel=\"canonical\" href=\"https:\/\/servi-maz.com.ar\/ingenieriayconstruccion\/mantenimiento-de-surtidores\/\" \/>\n<meta property=\"og:locale\" content=\"es_ES\" \/>\n<meta property=\"og:type\" content=\"article\" \/>\n<meta property=\"og:title\" content=\"Mantenimiento de Surtidores - Servi-Maz - .: Ingenier\u00eda y Construcci\u00f3n :. - .: Sitio Oficial :.\" \/>\n<meta property=\"og:description\" content=\"Mantenimiento t\u00e9cnico y reparaci\u00f3n integral de surtidores electromec\u00e1nicos y equipos afines. Calibraci\u00f3n. Control, Limpieza y Repuestos.\" \/>\n<meta property=\"og:url\" content=\"https:\/\/servi-maz.com.ar\/ingenieriayconstruccion\/mantenimiento-de-surtidores\/\" \/>\n<meta property=\"og:site_name\" content=\"Servi-Maz - .: Ingenier\u00eda y Construcci\u00f3n :. - .: Sitio Oficial :.\" \/>\n<meta property=\"article:publisher\" content=\"https:\/\/www.facebook.com\/servimaz\" \/>\n<meta property=\"article:modified_time\" content=\"2025-11-11T14:55:13+00:00\" \/>\n<meta property=\"og:image\" content=\"https:\/\/servi-maz.com.ar\/ingenieriayconstruccion\/wp-content\/uploads\/2021\/05\/mantenimientoyreparacion.png\" \/>\n<meta name=\"twitter:card\" content=\"summary_large_image\" \/>\n<meta name=\"twitter:label1\" content=\"Tiempo de lectura\" \/>\n\t<meta name=\"twitter:data1\" content=\"1 minuto\" \/>\n<script type=\"application\/ld+json\" class=\"yoast-schema-graph\">{\"@context\":\"https:\\\/\\\/schema.org\",\"@graph\":[{\"@type\":\"WebPage\",\"@id\":\"https:\\\/\\\/servi-maz.com.ar\\\/ingenieriayconstruccion\\\/mantenimiento-de-surtidores\\\/\",\"url\":\"https:\\\/\\\/servi-maz.com.ar\\\/ingenieriayconstruccion\\\/mantenimiento-de-surtidores\\\/\",\"name\":\"Mantenimiento de Surtidores - Servi-Maz - .: Ingenier\u00eda y Construcci\u00f3n :. - .: Sitio Oficial :.\",\"isPartOf\":{\"@id\":\"https:\\\/\\\/servi-maz.com.ar\\\/ingenieriayconstruccion\\\/#website\"},\"primaryImageOfPage\":{\"@id\":\"https:\\\/\\\/servi-maz.com.ar\\\/ingenieriayconstruccion\\\/mantenimiento-de-surtidores\\\/#primaryimage\"},\"image\":{\"@id\":\"https:\\\/\\\/servi-maz.com.ar\\\/ingenieriayconstruccion\\\/mantenimiento-de-surtidores\\\/#primaryimage\"},\"thumbnailUrl\":\"https:\\\/\\\/servi-maz.com.ar\\\/ingenieriayconstruccion\\\/wp-content\\\/uploads\\\/2021\\\/05\\\/mantenimientoyreparacion.png\",\"datePublished\":\"2021-05-28T18:20:43+00:00\",\"dateModified\":\"2025-11-11T14:55:13+00:00\",\"description\":\"Mantenimiento t\u00e9cnico y reparaci\u00f3n integral de surtidores electromec\u00e1nicos y equipos afines. Calibraci\u00f3n. Control, Limpieza y Repuestos.\",\"breadcrumb\":{\"@id\":\"https:\\\/\\\/servi-maz.com.ar\\\/ingenieriayconstruccion\\\/mantenimiento-de-surtidores\\\/#breadcrumb\"},\"inLanguage\":\"es\",\"potentialAction\":[{\"@type\":\"ReadAction\",\"target\":[\"https:\\\/\\\/servi-maz.com.ar\\\/ingenieriayconstruccion\\\/mantenimiento-de-surtidores\\\/\"]}]},{\"@type\":\"ImageObject\",\"inLanguage\":\"es\",\"@id\":\"https:\\\/\\\/servi-maz.com.ar\\\/ingenieriayconstruccion\\\/mantenimiento-de-surtidores\\\/#primaryimage\",\"url\":\"https:\\\/\\\/servi-maz.com.ar\\\/ingenieriayconstruccion\\\/wp-content\\\/uploads\\\/2021\\\/05\\\/mantenimientoyreparacion.png\",\"contentUrl\":\"https:\\\/\\\/servi-maz.com.ar\\\/ingenieriayconstruccion\\\/wp-content\\\/uploads\\\/2021\\\/05\\\/mantenimientoyreparacion.png\",\"width\":610,\"height\":610},{\"@type\":\"BreadcrumbList\",\"@id\":\"https:\\\/\\\/servi-maz.com.ar\\\/ingenieriayconstruccion\\\/mantenimiento-de-surtidores\\\/#breadcrumb\",\"itemListElement\":[{\"@type\":\"ListItem\",\"position\":1,\"name\":\"Portada\",\"item\":\"https:\\\/\\\/servi-maz.com.ar\\\/ingenieriayconstruccion\\\/\"},{\"@type\":\"ListItem\",\"position\":2,\"name\":\"Mantenimiento de Surtidores\"}]},{\"@type\":\"WebSite\",\"@id\":\"https:\\\/\\\/servi-maz.com.ar\\\/ingenieriayconstruccion\\\/#website\",\"url\":\"https:\\\/\\\/servi-maz.com.ar\\\/ingenieriayconstruccion\\\/\",\"name\":\"Servi-Maz - .: Ingenier\u00eda y Construcci\u00f3n :. - .: Sitio Oficial :.\",\"description\":\"Construcci\u00f3n y Mantenimiento de Estaciones de Servicio - Servicio Mec\u00e1nico de Surtidores.\",\"publisher\":{\"@id\":\"https:\\\/\\\/servi-maz.com.ar\\\/ingenieriayconstruccion\\\/#organization\"},\"potentialAction\":[{\"@type\":\"SearchAction\",\"target\":{\"@type\":\"EntryPoint\",\"urlTemplate\":\"https:\\\/\\\/servi-maz.com.ar\\\/ingenieriayconstruccion\\\/?s={search_term_string}\"},\"query-input\":{\"@type\":\"PropertyValueSpecification\",\"valueRequired\":true,\"valueName\":\"search_term_string\"}}],\"inLanguage\":\"es\"},{\"@type\":\"Organization\",\"@id\":\"https:\\\/\\\/servi-maz.com.ar\\\/ingenieriayconstruccion\\\/#organization\",\"name\":\"Servi-Maz - .: Ingenier\u00eda y Construcci\u00f3n :. - .: Sitio Oficial :.\",\"url\":\"https:\\\/\\\/servi-maz.com.ar\\\/ingenieriayconstruccion\\\/\",\"logo\":{\"@type\":\"ImageObject\",\"inLanguage\":\"es\",\"@id\":\"https:\\\/\\\/servi-maz.com.ar\\\/ingenieriayconstruccion\\\/#\\\/schema\\\/logo\\\/image\\\/\",\"url\":\"https:\\\/\\\/servi-maz.com.ar\\\/ingenieriayconstruccion\\\/wp-content\\\/uploads\\\/2021\\\/05\\\/logo_servimaz_-1.png\",\"contentUrl\":\"https:\\\/\\\/servi-maz.com.ar\\\/ingenieriayconstruccion\\\/wp-content\\\/uploads\\\/2021\\\/05\\\/logo_servimaz_-1.png\",\"width\":300,\"height\":75,\"caption\":\"Servi-Maz - .: Ingenier\u00eda y Construcci\u00f3n :. - .: Sitio Oficial :.\"},\"image\":{\"@id\":\"https:\\\/\\\/servi-maz.com.ar\\\/ingenieriayconstruccion\\\/#\\\/schema\\\/logo\\\/image\\\/\"},\"sameAs\":[\"https:\\\/\\\/www.facebook.com\\\/servimaz\",\"https:\\\/\\\/www.instagram.com\\\/servimaz\\\/\"]}]}<\/script>\n<!-- \/ Yoast SEO plugin. -->","yoast_head_json":{"title":"Mantenimiento de Surtidores - Servi-Maz - .: Ingenier\u00eda y Construcci\u00f3n :. - .: Sitio Oficial :.","description":"Mantenimiento t\u00e9cnico y reparaci\u00f3n integral de surtidores electromec\u00e1nicos y equipos afines. Calibraci\u00f3n. Control, Limpieza y Repuestos.","robots":{"index":"index","follow":"follow","max-snippet":"max-snippet:-1","max-image-preview":"max-image-preview:large","max-video-preview":"max-video-preview:-1"},"canonical":"https:\/\/servi-maz.com.ar\/ingenieriayconstruccion\/mantenimiento-de-surtidores\/","og_locale":"es_ES","og_type":"article","og_title":"Mantenimiento de Surtidores - Servi-Maz - .: Ingenier\u00eda y Construcci\u00f3n :. - .: Sitio Oficial :.","og_description":"Mantenimiento t\u00e9cnico y reparaci\u00f3n integral de surtidores electromec\u00e1nicos y equipos afines. Calibraci\u00f3n. Control, Limpieza y Repuestos.","og_url":"https:\/\/servi-maz.com.ar\/ingenieriayconstruccion\/mantenimiento-de-surtidores\/","og_site_name":"Servi-Maz - .: Ingenier\u00eda y Construcci\u00f3n :. - .: Sitio Oficial :.","article_publisher":"https:\/\/www.facebook.com\/servimaz","article_modified_time":"2025-11-11T14:55:13+00:00","og_image":[{"url":"https:\/\/servi-maz.com.ar\/ingenieriayconstruccion\/wp-content\/uploads\/2021\/05\/mantenimientoyreparacion.png","type":"","width":"","height":""}],"twitter_card":"summary_large_image","twitter_misc":{"Tiempo de lectura":"1 minuto"},"schema":{"@context":"https:\/\/schema.org","@graph":[{"@type":"WebPage","@id":"https:\/\/servi-maz.com.ar\/ingenieriayconstruccion\/mantenimiento-de-surtidores\/","url":"https:\/\/servi-maz.com.ar\/ingenieriayconstruccion\/mantenimiento-de-surtidores\/","name":"Mantenimiento de Surtidores - Servi-Maz - .: Ingenier\u00eda y Construcci\u00f3n :. - .: Sitio Oficial :.","isPartOf":{"@id":"https:\/\/servi-maz.com.ar\/ingenieriayconstruccion\/#website"},"primaryImageOfPage":{"@id":"https:\/\/servi-maz.com.ar\/ingenieriayconstruccion\/mantenimiento-de-surtidores\/#primaryimage"},"image":{"@id":"https:\/\/servi-maz.com.ar\/ingenieriayconstruccion\/mantenimiento-de-surtidores\/#primaryimage"},"thumbnailUrl":"https:\/\/servi-maz.com.ar\/ingenieriayconstruccion\/wp-content\/uploads\/2021\/05\/mantenimientoyreparacion.png","datePublished":"2021-05-28T18:20:43+00:00","dateModified":"2025-11-11T14:55:13+00:00","description":"Mantenimiento t\u00e9cnico y reparaci\u00f3n integral de surtidores electromec\u00e1nicos y equipos afines. Calibraci\u00f3n. Control, Limpieza y Repuestos.","breadcrumb":{"@id":"https:\/\/servi-maz.com.ar\/ingenieriayconstruccion\/mantenimiento-de-surtidores\/#breadcrumb"},"inLanguage":"es","potentialAction":[{"@type":"ReadAction","target":["https:\/\/servi-maz.com.ar\/ingenieriayconstruccion\/mantenimiento-de-surtidores\/"]}]},{"@type":"ImageObject","inLanguage":"es","@id":"https:\/\/servi-maz.com.ar\/ingenieriayconstruccion\/mantenimiento-de-surtidores\/#primaryimage","url":"https:\/\/servi-maz.com.ar\/ingenieriayconstruccion\/wp-content\/uploads\/2021\/05\/mantenimientoyreparacion.png","contentUrl":"https:\/\/servi-maz.com.ar\/ingenieriayconstruccion\/wp-content\/uploads\/2021\/05\/mantenimientoyreparacion.png","width":610,"height":610},{"@type":"BreadcrumbList","@id":"https:\/\/servi-maz.com.ar\/ingenieriayconstruccion\/mantenimiento-de-surtidores\/#breadcrumb","itemListElement":[{"@type":"ListItem","position":1,"name":"Portada","item":"https:\/\/servi-maz.com.ar\/ingenieriayconstruccion\/"},{"@type":"ListItem","position":2,"name":"Mantenimiento de Surtidores"}]},{"@type":"WebSite","@id":"https:\/\/servi-maz.com.ar\/ingenieriayconstruccion\/#website","url":"https:\/\/servi-maz.com.ar\/ingenieriayconstruccion\/","name":"Servi-Maz - .: Ingenier\u00eda y Construcci\u00f3n :. - .: Sitio Oficial :.","description":"Construcci\u00f3n y Mantenimiento de Estaciones de Servicio - Servicio Mec\u00e1nico de Surtidores.","publisher":{"@id":"https:\/\/servi-maz.com.ar\/ingenieriayconstruccion\/#organization"},"potentialAction":[{"@type":"SearchAction","target":{"@type":"EntryPoint","urlTemplate":"https:\/\/servi-maz.com.ar\/ingenieriayconstruccion\/?s={search_term_string}"},"query-input":{"@type":"PropertyValueSpecification","valueRequired":true,"valueName":"search_term_string"}}],"inLanguage":"es"},{"@type":"Organization","@id":"https:\/\/servi-maz.com.ar\/ingenieriayconstruccion\/#organization","name":"Servi-Maz - .: Ingenier\u00eda y Construcci\u00f3n :. - .: Sitio Oficial :.","url":"https:\/\/servi-maz.com.ar\/ingenieriayconstruccion\/","logo":{"@type":"ImageObject","inLanguage":"es","@id":"https:\/\/servi-maz.com.ar\/ingenieriayconstruccion\/#\/schema\/logo\/image\/","url":"https:\/\/servi-maz.com.ar\/ingenieriayconstruccion\/wp-content\/uploads\/2021\/05\/logo_servimaz_-1.png","contentUrl":"https:\/\/servi-maz.com.ar\/ingenieriayconstruccion\/wp-content\/uploads\/2021\/05\/logo_servimaz_-1.png","width":300,"height":75,"caption":"Servi-Maz - .: Ingenier\u00eda y Construcci\u00f3n :. - .: Sitio Oficial :."},"image":{"@id":"https:\/\/servi-maz.com.ar\/ingenieriayconstruccion\/#\/schema\/logo\/image\/"},"sameAs":["https:\/\/www.facebook.com\/servimaz","https:\/\/www.instagram.com\/servimaz\/"]}]}},"_links":{"self":[{"href":"https:\/\/servi-maz.com.ar\/ingenieriayconstruccion\/wp-json\/wp\/v2\/pages\/2014","targetHints":{"allow":["GET"]}}],"collection":[{"href":"https:\/\/servi-maz.com.ar\/ingenieriayconstruccion\/wp-json\/wp\/v2\/pages"}],"about":[{"href":"https:\/\/servi-maz.com.ar\/ingenieriayconstruccion\/wp-json\/wp\/v2\/types\/page"}],"author":[{"embeddable":true,"href":"https:\/\/servi-maz.com.ar\/ingenieriayconstruccion\/wp-json\/wp\/v2\/users\/2"}],"replies":[{"embeddable":true,"href":"https:\/\/servi-maz.com.ar\/ingenieriayconstruccion\/wp-json\/wp\/v2\/comments?post=2014"}],"version-history":[{"count":13,"href":"https:\/\/servi-maz.com.ar\/ingenieriayconstruccion\/wp-json\/wp\/v2\/pages\/2014\/revisions"}],"predecessor-version":[{"id":2028,"href":"https:\/\/servi-maz.com.ar\/ingenieriayconstruccion\/wp-json\/wp\/v2\/pages\/2014\/revisions\/2028"}],"wp:attachment":[{"href":"https:\/\/servi-maz.com.ar\/ingenieriayconstruccion\/wp-json\/wp\/v2\/media?parent=2014"}],"curies":[{"name":"wp","href":"https:\/\/api.w.org\/{rel}","templated":true}]}}