{"id":1709,"date":"2021-05-21T12:53:56","date_gmt":"2021-05-21T15:53:56","guid":{"rendered":"https:\/\/servi-maz.com.ar\/ingenieria-y-construccion\/?post_type=product&#038;p=1709"},"modified":"2021-05-21T12:54:17","modified_gmt":"2021-05-21T15:54:17","slug":"tanque-horizontal","status":"publish","type":"product","link":"https:\/\/servi-maz.com.ar\/ingenieriayconstruccion\/producto\/tanque-horizontal\/","title":{"rendered":"Tanque Horizontal"},"content":{"rendered":"<p>TANQUE HORIZONTAL<\/p>\n<p>Tanque simple pared a\u00e9reo de formato cil\u00edndrico horizontal, con dimensiones y espesor seg\u00fan lo indicado en la tabla inferior. Construido \u00edntegramente con virolas de acero al carbono, ensamblado Off Setter y soldadura externa por proceso SAW. Provisto de cabezales pesta\u00f1eados planos, conexiones roscadas BSP de 4\u2033 , 2\u2033;, 1\u2033; y 1\/2\u2033 para carga, succi\u00f3n, venteo, telemedici\u00f3n, drenaje e indicador de nivel. Tubos internos para la conexi\u00f3n de carga, Tubo de nivel aforado con regla graduada, Tubo de venteo, C\u00e1ncamos de izaje, Boca de hombre \u00d8435mm abulonada, Patas de apoyo, Placa de identificaci\u00f3n y Tapones provisorios para el transporte. Terminaci\u00f3n superficial exterior con proceso de granallado met\u00e1lico, aplicaci\u00f3n de fondo epoxi y terminaci\u00f3n con esmalte poliuretano (blanco). Prueba de estanqueidad neum\u00e1tica a 0.38kg\/cm2.<br \/>\nFabricado bajo normas de calidad ISO 9001\/2008. En capacidades de 5.000 lts a 200.000 lts.<\/p>\n","protected":false},"excerpt":{"rendered":"<p>Tanque simple pared a\u00e9reo de formato cil\u00edndrico horizontal<\/p>\n","protected":false},"featured_media":1710,"template":"","meta":{"_monsterinsights_skip_tracking":false,"_monsterinsights_sitenote_active":false,"_monsterinsights_sitenote_note":"","_monsterinsights_sitenote_category":0,"ocean_post_layout":"","ocean_both_sidebars_style":"","ocean_both_sidebars_content_width":0,"ocean_both_sidebars_sidebars_width":0,"ocean_sidebar":"0","ocean_second_sidebar":"0","ocean_disable_margins":"enable","ocean_add_body_class":"","ocean_shortcode_before_top_bar":"","ocean_shortcode_after_top_bar":"","ocean_shortcode_before_header":"","ocean_shortcode_after_header":"","ocean_has_shortcode":"","ocean_shortcode_after_title":"","ocean_shortcode_before_footer_widgets":"","ocean_shortcode_after_footer_widgets":"","ocean_shortcode_before_footer_bottom":"","ocean_shortcode_after_footer_bottom":"","ocean_display_top_bar":"default","ocean_display_header":"default","ocean_header_style":"","ocean_center_header_left_menu":"0","ocean_custom_header_template":"0","ocean_custom_logo":0,"ocean_custom_retina_logo":0,"ocean_custom_logo_max_width":0,"ocean_custom_logo_tablet_max_width":0,"ocean_custom_logo_mobile_max_width":0,"ocean_custom_logo_max_height":0,"ocean_custom_logo_tablet_max_height":0,"ocean_custom_logo_mobile_max_height":0,"ocean_header_custom_menu":"0","ocean_menu_typo_font_family":"0","ocean_menu_typo_font_subset":"","ocean_menu_typo_font_size":0,"ocean_menu_typo_font_size_tablet":0,"ocean_menu_typo_font_size_mobile":0,"ocean_menu_typo_font_size_unit":"px","ocean_menu_typo_font_weight":"","ocean_menu_typo_font_weight_tablet":"","ocean_menu_typo_font_weight_mobile":"","ocean_menu_typo_transform":"","ocean_menu_typo_transform_tablet":"","ocean_menu_typo_transform_mobile":"","ocean_menu_typo_line_height":0,"ocean_menu_typo_line_height_tablet":0,"ocean_menu_typo_line_height_mobile":0,"ocean_menu_typo_line_height_unit":"","ocean_menu_typo_spacing":0,"ocean_menu_typo_spacing_tablet":0,"ocean_menu_typo_spacing_mobile":0,"ocean_menu_typo_spacing_unit":"","ocean_menu_link_color":"","ocean_menu_link_color_hover":"","ocean_menu_link_color_active":"","ocean_menu_link_background":"","ocean_menu_link_hover_background":"","ocean_menu_link_active_background":"","ocean_menu_social_links_bg":"","ocean_menu_social_hover_links_bg":"","ocean_menu_social_links_color":"","ocean_menu_social_hover_links_color":"","ocean_disable_title":"default","ocean_disable_heading":"default","ocean_post_title":"","ocean_post_subheading":"","ocean_post_title_style":"","ocean_post_title_background_color":"","ocean_post_title_background":0,"ocean_post_title_bg_image_position":"","ocean_post_title_bg_image_attachment":"","ocean_post_title_bg_image_repeat":"","ocean_post_title_bg_image_size":"","ocean_post_title_height":0,"ocean_post_title_bg_overlay":0.5,"ocean_post_title_bg_overlay_color":"","ocean_disable_breadcrumbs":"default","ocean_breadcrumbs_color":"","ocean_breadcrumbs_separator_color":"","ocean_breadcrumbs_links_color":"","ocean_breadcrumbs_links_hover_color":"","ocean_display_footer_widgets":"default","ocean_display_footer_bottom":"default","ocean_custom_footer_template":"0"},"product_brand":[],"product_cat":[44],"product_tag":[51,50],"class_list":{"0":"post-1709","1":"product","2":"type-product","3":"status-publish","4":"has-post-thumbnail","6":"product_cat-tanques","7":"product_tag-aereo","8":"product_tag-tanque","10":"entry","11":"has-media","13":"first","14":"instock","15":"shipping-taxable","16":"product-type-simple","17":"has-product-nav","18":"col","19":"span_1_of_3","20":"owp-content-center","21":"owp-thumbs-layout-horizontal","22":"owp-btn-normal","23":"owp-tabs-layout-horizontal","24":"has-no-thumbnails"},"yoast_head":"<!-- This site is optimized with the Yoast SEO plugin v27.3 - https:\/\/yoast.com\/product\/yoast-seo-wordpress\/ -->\n<title>Tanque Horizontal - Servi-Maz - .: Ingenier\u00eda y Construcci\u00f3n :. - .: Sitio Oficial :.<\/title>\n<meta name=\"robots\" content=\"index, follow, max-snippet:-1, max-image-preview:large, max-video-preview:-1\" \/>\n<link rel=\"canonical\" href=\"https:\/\/servi-maz.com.ar\/ingenieriayconstruccion\/producto\/tanque-horizontal\/\" \/>\n<meta property=\"og:locale\" content=\"es_ES\" \/>\n<meta property=\"og:type\" content=\"article\" \/>\n<meta property=\"og:title\" content=\"Tanque Horizontal - Servi-Maz - .: Ingenier\u00eda y Construcci\u00f3n :. - .: Sitio Oficial :.\" \/>\n<meta property=\"og:description\" content=\"Tanque simple pared a\u00e9reo de formato cil\u00edndrico horizontal\" \/>\n<meta property=\"og:url\" content=\"https:\/\/servi-maz.com.ar\/ingenieriayconstruccion\/producto\/tanque-horizontal\/\" \/>\n<meta property=\"og:site_name\" content=\"Servi-Maz - .: Ingenier\u00eda y Construcci\u00f3n :. - .: Sitio Oficial :.\" \/>\n<meta property=\"article:publisher\" content=\"https:\/\/www.facebook.com\/servimaz\" \/>\n<meta property=\"article:modified_time\" content=\"2021-05-21T15:54:17+00:00\" \/>\n<meta property=\"og:image\" content=\"https:\/\/servi-maz.com.ar\/ingenieriayconstruccion\/wp-content\/uploads\/2021\/05\/tanquehorizontal.jpg\" \/>\n\t<meta property=\"og:image:width\" content=\"512\" \/>\n\t<meta property=\"og:image:height\" content=\"341\" \/>\n\t<meta property=\"og:image:type\" content=\"image\/jpeg\" \/>\n<meta name=\"twitter:card\" content=\"summary_large_image\" \/>\n<meta name=\"twitter:label1\" content=\"Tiempo de lectura\" \/>\n\t<meta name=\"twitter:data1\" content=\"1 minuto\" \/>\n<script type=\"application\/ld+json\" class=\"yoast-schema-graph\">{\"@context\":\"https:\\\/\\\/schema.org\",\"@graph\":[{\"@type\":\"WebPage\",\"@id\":\"https:\\\/\\\/servi-maz.com.ar\\\/ingenieriayconstruccion\\\/producto\\\/tanque-horizontal\\\/\",\"url\":\"https:\\\/\\\/servi-maz.com.ar\\\/ingenieriayconstruccion\\\/producto\\\/tanque-horizontal\\\/\",\"name\":\"Tanque Horizontal - Servi-Maz - .: Ingenier\u00eda y Construcci\u00f3n :. - .: Sitio Oficial :.\",\"isPartOf\":{\"@id\":\"https:\\\/\\\/servi-maz.com.ar\\\/ingenieriayconstruccion\\\/#website\"},\"primaryImageOfPage\":{\"@id\":\"https:\\\/\\\/servi-maz.com.ar\\\/ingenieriayconstruccion\\\/producto\\\/tanque-horizontal\\\/#primaryimage\"},\"image\":{\"@id\":\"https:\\\/\\\/servi-maz.com.ar\\\/ingenieriayconstruccion\\\/producto\\\/tanque-horizontal\\\/#primaryimage\"},\"thumbnailUrl\":\"https:\\\/\\\/servi-maz.com.ar\\\/ingenieriayconstruccion\\\/wp-content\\\/uploads\\\/2021\\\/05\\\/tanquehorizontal.jpg\",\"datePublished\":\"2021-05-21T15:53:56+00:00\",\"dateModified\":\"2021-05-21T15:54:17+00:00\",\"breadcrumb\":{\"@id\":\"https:\\\/\\\/servi-maz.com.ar\\\/ingenieriayconstruccion\\\/producto\\\/tanque-horizontal\\\/#breadcrumb\"},\"inLanguage\":\"es\",\"potentialAction\":[{\"@type\":\"ReadAction\",\"target\":[\"https:\\\/\\\/servi-maz.com.ar\\\/ingenieriayconstruccion\\\/producto\\\/tanque-horizontal\\\/\"]}]},{\"@type\":\"ImageObject\",\"inLanguage\":\"es\",\"@id\":\"https:\\\/\\\/servi-maz.com.ar\\\/ingenieriayconstruccion\\\/producto\\\/tanque-horizontal\\\/#primaryimage\",\"url\":\"https:\\\/\\\/servi-maz.com.ar\\\/ingenieriayconstruccion\\\/wp-content\\\/uploads\\\/2021\\\/05\\\/tanquehorizontal.jpg\",\"contentUrl\":\"https:\\\/\\\/servi-maz.com.ar\\\/ingenieriayconstruccion\\\/wp-content\\\/uploads\\\/2021\\\/05\\\/tanquehorizontal.jpg\",\"width\":512,\"height\":341,\"caption\":\"tanque externo horizontal\"},{\"@type\":\"BreadcrumbList\",\"@id\":\"https:\\\/\\\/servi-maz.com.ar\\\/ingenieriayconstruccion\\\/producto\\\/tanque-horizontal\\\/#breadcrumb\",\"itemListElement\":[{\"@type\":\"ListItem\",\"position\":1,\"name\":\"Portada\",\"item\":\"https:\\\/\\\/servi-maz.com.ar\\\/ingenieriayconstruccion\\\/\"},{\"@type\":\"ListItem\",\"position\":2,\"name\":\"Productos\",\"item\":\"https:\\\/\\\/servi-maz.com.ar\\\/ingenieriayconstruccion\\\/shop\\\/\"},{\"@type\":\"ListItem\",\"position\":3,\"name\":\"Tanque Horizontal\"}]},{\"@type\":\"WebSite\",\"@id\":\"https:\\\/\\\/servi-maz.com.ar\\\/ingenieriayconstruccion\\\/#website\",\"url\":\"https:\\\/\\\/servi-maz.com.ar\\\/ingenieriayconstruccion\\\/\",\"name\":\"Servi-Maz - .: Ingenier\u00eda y Construcci\u00f3n :. - .: Sitio Oficial :.\",\"description\":\"Construcci\u00f3n y Mantenimiento de Estaciones de Servicio - Servicio Mec\u00e1nico de Surtidores.\",\"publisher\":{\"@id\":\"https:\\\/\\\/servi-maz.com.ar\\\/ingenieriayconstruccion\\\/#organization\"},\"potentialAction\":[{\"@type\":\"SearchAction\",\"target\":{\"@type\":\"EntryPoint\",\"urlTemplate\":\"https:\\\/\\\/servi-maz.com.ar\\\/ingenieriayconstruccion\\\/?s={search_term_string}\"},\"query-input\":{\"@type\":\"PropertyValueSpecification\",\"valueRequired\":true,\"valueName\":\"search_term_string\"}}],\"inLanguage\":\"es\"},{\"@type\":\"Organization\",\"@id\":\"https:\\\/\\\/servi-maz.com.ar\\\/ingenieriayconstruccion\\\/#organization\",\"name\":\"Servi-Maz - .: Ingenier\u00eda y Construcci\u00f3n :. - .: Sitio Oficial :.\",\"url\":\"https:\\\/\\\/servi-maz.com.ar\\\/ingenieriayconstruccion\\\/\",\"logo\":{\"@type\":\"ImageObject\",\"inLanguage\":\"es\",\"@id\":\"https:\\\/\\\/servi-maz.com.ar\\\/ingenieriayconstruccion\\\/#\\\/schema\\\/logo\\\/image\\\/\",\"url\":\"https:\\\/\\\/servi-maz.com.ar\\\/ingenieriayconstruccion\\\/wp-content\\\/uploads\\\/2021\\\/05\\\/logo_servimaz_-1.png\",\"contentUrl\":\"https:\\\/\\\/servi-maz.com.ar\\\/ingenieriayconstruccion\\\/wp-content\\\/uploads\\\/2021\\\/05\\\/logo_servimaz_-1.png\",\"width\":300,\"height\":75,\"caption\":\"Servi-Maz - .: Ingenier\u00eda y Construcci\u00f3n :. - .: Sitio Oficial :.\"},\"image\":{\"@id\":\"https:\\\/\\\/servi-maz.com.ar\\\/ingenieriayconstruccion\\\/#\\\/schema\\\/logo\\\/image\\\/\"},\"sameAs\":[\"https:\\\/\\\/www.facebook.com\\\/servimaz\",\"https:\\\/\\\/www.instagram.com\\\/servimaz\\\/\"]}]}<\/script>\n<!-- \/ Yoast SEO plugin. -->","yoast_head_json":{"title":"Tanque Horizontal - Servi-Maz - .: Ingenier\u00eda y Construcci\u00f3n :. - .: Sitio Oficial :.","robots":{"index":"index","follow":"follow","max-snippet":"max-snippet:-1","max-image-preview":"max-image-preview:large","max-video-preview":"max-video-preview:-1"},"canonical":"https:\/\/servi-maz.com.ar\/ingenieriayconstruccion\/producto\/tanque-horizontal\/","og_locale":"es_ES","og_type":"article","og_title":"Tanque Horizontal - Servi-Maz - .: Ingenier\u00eda y Construcci\u00f3n :. - .: Sitio Oficial :.","og_description":"Tanque simple pared a\u00e9reo de formato cil\u00edndrico horizontal","og_url":"https:\/\/servi-maz.com.ar\/ingenieriayconstruccion\/producto\/tanque-horizontal\/","og_site_name":"Servi-Maz - .: Ingenier\u00eda y Construcci\u00f3n :. - .: Sitio Oficial :.","article_publisher":"https:\/\/www.facebook.com\/servimaz","article_modified_time":"2021-05-21T15:54:17+00:00","og_image":[{"width":512,"height":341,"url":"https:\/\/servi-maz.com.ar\/ingenieriayconstruccion\/wp-content\/uploads\/2021\/05\/tanquehorizontal.jpg","type":"image\/jpeg"}],"twitter_card":"summary_large_image","twitter_misc":{"Tiempo de lectura":"1 minuto"},"schema":{"@context":"https:\/\/schema.org","@graph":[{"@type":"WebPage","@id":"https:\/\/servi-maz.com.ar\/ingenieriayconstruccion\/producto\/tanque-horizontal\/","url":"https:\/\/servi-maz.com.ar\/ingenieriayconstruccion\/producto\/tanque-horizontal\/","name":"Tanque Horizontal - Servi-Maz - .: Ingenier\u00eda y Construcci\u00f3n :. - .: Sitio Oficial :.","isPartOf":{"@id":"https:\/\/servi-maz.com.ar\/ingenieriayconstruccion\/#website"},"primaryImageOfPage":{"@id":"https:\/\/servi-maz.com.ar\/ingenieriayconstruccion\/producto\/tanque-horizontal\/#primaryimage"},"image":{"@id":"https:\/\/servi-maz.com.ar\/ingenieriayconstruccion\/producto\/tanque-horizontal\/#primaryimage"},"thumbnailUrl":"https:\/\/servi-maz.com.ar\/ingenieriayconstruccion\/wp-content\/uploads\/2021\/05\/tanquehorizontal.jpg","datePublished":"2021-05-21T15:53:56+00:00","dateModified":"2021-05-21T15:54:17+00:00","breadcrumb":{"@id":"https:\/\/servi-maz.com.ar\/ingenieriayconstruccion\/producto\/tanque-horizontal\/#breadcrumb"},"inLanguage":"es","potentialAction":[{"@type":"ReadAction","target":["https:\/\/servi-maz.com.ar\/ingenieriayconstruccion\/producto\/tanque-horizontal\/"]}]},{"@type":"ImageObject","inLanguage":"es","@id":"https:\/\/servi-maz.com.ar\/ingenieriayconstruccion\/producto\/tanque-horizontal\/#primaryimage","url":"https:\/\/servi-maz.com.ar\/ingenieriayconstruccion\/wp-content\/uploads\/2021\/05\/tanquehorizontal.jpg","contentUrl":"https:\/\/servi-maz.com.ar\/ingenieriayconstruccion\/wp-content\/uploads\/2021\/05\/tanquehorizontal.jpg","width":512,"height":341,"caption":"tanque externo horizontal"},{"@type":"BreadcrumbList","@id":"https:\/\/servi-maz.com.ar\/ingenieriayconstruccion\/producto\/tanque-horizontal\/#breadcrumb","itemListElement":[{"@type":"ListItem","position":1,"name":"Portada","item":"https:\/\/servi-maz.com.ar\/ingenieriayconstruccion\/"},{"@type":"ListItem","position":2,"name":"Productos","item":"https:\/\/servi-maz.com.ar\/ingenieriayconstruccion\/shop\/"},{"@type":"ListItem","position":3,"name":"Tanque Horizontal"}]},{"@type":"WebSite","@id":"https:\/\/servi-maz.com.ar\/ingenieriayconstruccion\/#website","url":"https:\/\/servi-maz.com.ar\/ingenieriayconstruccion\/","name":"Servi-Maz - .: Ingenier\u00eda y Construcci\u00f3n :. - .: Sitio Oficial :.","description":"Construcci\u00f3n y Mantenimiento de Estaciones de Servicio - Servicio Mec\u00e1nico de Surtidores.","publisher":{"@id":"https:\/\/servi-maz.com.ar\/ingenieriayconstruccion\/#organization"},"potentialAction":[{"@type":"SearchAction","target":{"@type":"EntryPoint","urlTemplate":"https:\/\/servi-maz.com.ar\/ingenieriayconstruccion\/?s={search_term_string}"},"query-input":{"@type":"PropertyValueSpecification","valueRequired":true,"valueName":"search_term_string"}}],"inLanguage":"es"},{"@type":"Organization","@id":"https:\/\/servi-maz.com.ar\/ingenieriayconstruccion\/#organization","name":"Servi-Maz - .: Ingenier\u00eda y Construcci\u00f3n :. - .: Sitio Oficial :.","url":"https:\/\/servi-maz.com.ar\/ingenieriayconstruccion\/","logo":{"@type":"ImageObject","inLanguage":"es","@id":"https:\/\/servi-maz.com.ar\/ingenieriayconstruccion\/#\/schema\/logo\/image\/","url":"https:\/\/servi-maz.com.ar\/ingenieriayconstruccion\/wp-content\/uploads\/2021\/05\/logo_servimaz_-1.png","contentUrl":"https:\/\/servi-maz.com.ar\/ingenieriayconstruccion\/wp-content\/uploads\/2021\/05\/logo_servimaz_-1.png","width":300,"height":75,"caption":"Servi-Maz - .: Ingenier\u00eda y Construcci\u00f3n :. - .: Sitio Oficial :."},"image":{"@id":"https:\/\/servi-maz.com.ar\/ingenieriayconstruccion\/#\/schema\/logo\/image\/"},"sameAs":["https:\/\/www.facebook.com\/servimaz","https:\/\/www.instagram.com\/servimaz\/"]}]}},"_links":{"self":[{"href":"https:\/\/servi-maz.com.ar\/ingenieriayconstruccion\/wp-json\/wp\/v2\/product\/1709","targetHints":{"allow":["GET"]}}],"collection":[{"href":"https:\/\/servi-maz.com.ar\/ingenieriayconstruccion\/wp-json\/wp\/v2\/product"}],"about":[{"href":"https:\/\/servi-maz.com.ar\/ingenieriayconstruccion\/wp-json\/wp\/v2\/types\/product"}],"wp:featuredmedia":[{"embeddable":true,"href":"https:\/\/servi-maz.com.ar\/ingenieriayconstruccion\/wp-json\/wp\/v2\/media\/1710"}],"wp:attachment":[{"href":"https:\/\/servi-maz.com.ar\/ingenieriayconstruccion\/wp-json\/wp\/v2\/media?parent=1709"}],"wp:term":[{"taxonomy":"product_brand","embeddable":true,"href":"https:\/\/servi-maz.com.ar\/ingenieriayconstruccion\/wp-json\/wp\/v2\/product_brand?post=1709"},{"taxonomy":"product_cat","embeddable":true,"href":"https:\/\/servi-maz.com.ar\/ingenieriayconstruccion\/wp-json\/wp\/v2\/product_cat?post=1709"},{"taxonomy":"product_tag","embeddable":true,"href":"https:\/\/servi-maz.com.ar\/ingenieriayconstruccion\/wp-json\/wp\/v2\/product_tag?post=1709"}],"curies":[{"name":"wp","href":"https:\/\/api.w.org\/{rel}","templated":true}]}}