{"id":2135,"date":"2021-06-02T17:27:40","date_gmt":"2021-06-02T20:27:40","guid":{"rendered":"https:\/\/servi-maz.com.ar\/ingenieria-y-construccion\/?post_type=product&#038;p=2135"},"modified":"2021-06-02T17:28:19","modified_gmt":"2021-06-02T20:28:19","slug":"dimension-gilbarco-octuple","status":"publish","type":"product","link":"https:\/\/servi-maz.com.ar\/ingenieriayconstruccion\/producto\/dimension-gilbarco-octuple\/","title":{"rendered":"Dimensi\u00f3n Gilbarco \u00d3ctuple"},"content":{"rendered":"<p>Los surtidores y dispensadores Dimensi\u00f3n son una soluci\u00f3n simple y rendidora en la provisi\u00f3n de combustible de Gilbarco.<br \/>\nBrinda mayor oferta de productos a trav\u00e9s de su modelos de 8 mangueras y 4 productos disponibles.<\/p>\n","protected":false},"excerpt":{"rendered":"<p>Surtidor \/ Dispensador<br \/>\nMarca: Gilbarco<br \/>\nModelo: Dimensi\u00f3n<br \/>\nConfiguraci\u00f3n: \u00d3ctuple<\/p>\n","protected":false},"featured_media":2132,"template":"","meta":{"_monsterinsights_skip_tracking":false,"_monsterinsights_sitenote_active":false,"_monsterinsights_sitenote_note":"","_monsterinsights_sitenote_category":0,"ocean_post_layout":"","ocean_both_sidebars_style":"","ocean_both_sidebars_content_width":0,"ocean_both_sidebars_sidebars_width":0,"ocean_sidebar":"0","ocean_second_sidebar":"0","ocean_disable_margins":"enable","ocean_add_body_class":"","ocean_shortcode_before_top_bar":"","ocean_shortcode_after_top_bar":"","ocean_shortcode_before_header":"","ocean_shortcode_after_header":"","ocean_has_shortcode":"","ocean_shortcode_after_title":"","ocean_shortcode_before_footer_widgets":"","ocean_shortcode_after_footer_widgets":"","ocean_shortcode_before_footer_bottom":"","ocean_shortcode_after_footer_bottom":"","ocean_display_top_bar":"default","ocean_display_header":"default","ocean_header_style":"","ocean_center_header_left_menu":"0","ocean_custom_header_template":"0","ocean_custom_logo":0,"ocean_custom_retina_logo":0,"ocean_custom_logo_max_width":0,"ocean_custom_logo_tablet_max_width":0,"ocean_custom_logo_mobile_max_width":0,"ocean_custom_logo_max_height":0,"ocean_custom_logo_tablet_max_height":0,"ocean_custom_logo_mobile_max_height":0,"ocean_header_custom_menu":"0","ocean_menu_typo_font_family":"0","ocean_menu_typo_font_subset":"","ocean_menu_typo_font_size":0,"ocean_menu_typo_font_size_tablet":0,"ocean_menu_typo_font_size_mobile":0,"ocean_menu_typo_font_size_unit":"px","ocean_menu_typo_font_weight":"","ocean_menu_typo_font_weight_tablet":"","ocean_menu_typo_font_weight_mobile":"","ocean_menu_typo_transform":"","ocean_menu_typo_transform_tablet":"","ocean_menu_typo_transform_mobile":"","ocean_menu_typo_line_height":0,"ocean_menu_typo_line_height_tablet":0,"ocean_menu_typo_line_height_mobile":0,"ocean_menu_typo_line_height_unit":"","ocean_menu_typo_spacing":0,"ocean_menu_typo_spacing_tablet":0,"ocean_menu_typo_spacing_mobile":0,"ocean_menu_typo_spacing_unit":"","ocean_menu_link_color":"","ocean_menu_link_color_hover":"","ocean_menu_link_color_active":"","ocean_menu_link_background":"","ocean_menu_link_hover_background":"","ocean_menu_link_active_background":"","ocean_menu_social_links_bg":"","ocean_menu_social_hover_links_bg":"","ocean_menu_social_links_color":"","ocean_menu_social_hover_links_color":"","ocean_disable_title":"default","ocean_disable_heading":"default","ocean_post_title":"","ocean_post_subheading":"","ocean_post_title_style":"","ocean_post_title_background_color":"","ocean_post_title_background":0,"ocean_post_title_bg_image_position":"","ocean_post_title_bg_image_attachment":"","ocean_post_title_bg_image_repeat":"","ocean_post_title_bg_image_size":"","ocean_post_title_height":0,"ocean_post_title_bg_overlay":0.5,"ocean_post_title_bg_overlay_color":"","ocean_disable_breadcrumbs":"default","ocean_breadcrumbs_color":"","ocean_breadcrumbs_separator_color":"","ocean_breadcrumbs_links_color":"","ocean_breadcrumbs_links_hover_color":"","ocean_display_footer_widgets":"default","ocean_display_footer_bottom":"default","ocean_custom_footer_template":"0"},"product_brand":[],"product_cat":[42],"product_tag":[98],"class_list":{"0":"post-2135","1":"product","2":"type-product","3":"status-publish","4":"has-post-thumbnail","6":"product_cat-surtidores","7":"product_tag-surtidores","9":"entry","10":"has-media","12":"first","13":"instock","14":"shipping-taxable","15":"product-type-simple","16":"has-product-nav","17":"col","18":"span_1_of_3","19":"owp-content-center","20":"owp-thumbs-layout-horizontal","21":"owp-btn-normal","22":"owp-tabs-layout-horizontal","23":"has-no-thumbnails"},"yoast_head":"<!-- This site is optimized with the Yoast SEO plugin v27.3 - https:\/\/yoast.com\/product\/yoast-seo-wordpress\/ -->\n<title>Dimensi\u00f3n Gilbarco \u00d3ctuple - Servi-Maz - .: Ingenier\u00eda y Construcci\u00f3n :. - .: Sitio Oficial :.<\/title>\n<meta name=\"robots\" content=\"index, follow, max-snippet:-1, max-image-preview:large, max-video-preview:-1\" \/>\n<link rel=\"canonical\" href=\"https:\/\/servi-maz.com.ar\/ingenieriayconstruccion\/producto\/dimension-gilbarco-octuple\/\" \/>\n<meta property=\"og:locale\" content=\"es_ES\" \/>\n<meta property=\"og:type\" content=\"article\" \/>\n<meta property=\"og:title\" content=\"Dimensi\u00f3n Gilbarco \u00d3ctuple - Servi-Maz - .: Ingenier\u00eda y Construcci\u00f3n :. - .: Sitio Oficial :.\" \/>\n<meta property=\"og:description\" content=\"Surtidor \/ Dispensador Marca: Gilbarco Modelo: Dimensi\u00f3n Configuraci\u00f3n: \u00d3ctuple\" \/>\n<meta property=\"og:url\" content=\"https:\/\/servi-maz.com.ar\/ingenieriayconstruccion\/producto\/dimension-gilbarco-octuple\/\" \/>\n<meta property=\"og:site_name\" content=\"Servi-Maz - .: Ingenier\u00eda y Construcci\u00f3n :. - .: Sitio Oficial :.\" \/>\n<meta property=\"article:publisher\" content=\"https:\/\/www.facebook.com\/servimaz\" \/>\n<meta property=\"article:modified_time\" content=\"2021-06-02T20:28:19+00:00\" \/>\n<meta property=\"og:image\" content=\"https:\/\/servi-maz.com.ar\/ingenieriayconstruccion\/wp-content\/uploads\/2021\/06\/dimension-octuple.jpg\" \/>\n\t<meta property=\"og:image:width\" content=\"512\" \/>\n\t<meta property=\"og:image:height\" content=\"341\" \/>\n\t<meta property=\"og:image:type\" content=\"image\/jpeg\" \/>\n<meta name=\"twitter:card\" content=\"summary_large_image\" \/>\n<script type=\"application\/ld+json\" class=\"yoast-schema-graph\">{\"@context\":\"https:\\\/\\\/schema.org\",\"@graph\":[{\"@type\":\"WebPage\",\"@id\":\"https:\\\/\\\/servi-maz.com.ar\\\/ingenieriayconstruccion\\\/producto\\\/dimension-gilbarco-octuple\\\/\",\"url\":\"https:\\\/\\\/servi-maz.com.ar\\\/ingenieriayconstruccion\\\/producto\\\/dimension-gilbarco-octuple\\\/\",\"name\":\"Dimensi\u00f3n Gilbarco \u00d3ctuple - Servi-Maz - .: Ingenier\u00eda y Construcci\u00f3n :. - .: Sitio Oficial :.\",\"isPartOf\":{\"@id\":\"https:\\\/\\\/servi-maz.com.ar\\\/ingenieriayconstruccion\\\/#website\"},\"primaryImageOfPage\":{\"@id\":\"https:\\\/\\\/servi-maz.com.ar\\\/ingenieriayconstruccion\\\/producto\\\/dimension-gilbarco-octuple\\\/#primaryimage\"},\"image\":{\"@id\":\"https:\\\/\\\/servi-maz.com.ar\\\/ingenieriayconstruccion\\\/producto\\\/dimension-gilbarco-octuple\\\/#primaryimage\"},\"thumbnailUrl\":\"https:\\\/\\\/servi-maz.com.ar\\\/ingenieriayconstruccion\\\/wp-content\\\/uploads\\\/2021\\\/06\\\/dimension-octuple.jpg\",\"datePublished\":\"2021-06-02T20:27:40+00:00\",\"dateModified\":\"2021-06-02T20:28:19+00:00\",\"breadcrumb\":{\"@id\":\"https:\\\/\\\/servi-maz.com.ar\\\/ingenieriayconstruccion\\\/producto\\\/dimension-gilbarco-octuple\\\/#breadcrumb\"},\"inLanguage\":\"es\",\"potentialAction\":[{\"@type\":\"ReadAction\",\"target\":[\"https:\\\/\\\/servi-maz.com.ar\\\/ingenieriayconstruccion\\\/producto\\\/dimension-gilbarco-octuple\\\/\"]}]},{\"@type\":\"ImageObject\",\"inLanguage\":\"es\",\"@id\":\"https:\\\/\\\/servi-maz.com.ar\\\/ingenieriayconstruccion\\\/producto\\\/dimension-gilbarco-octuple\\\/#primaryimage\",\"url\":\"https:\\\/\\\/servi-maz.com.ar\\\/ingenieriayconstruccion\\\/wp-content\\\/uploads\\\/2021\\\/06\\\/dimension-octuple.jpg\",\"contentUrl\":\"https:\\\/\\\/servi-maz.com.ar\\\/ingenieriayconstruccion\\\/wp-content\\\/uploads\\\/2021\\\/06\\\/dimension-octuple.jpg\",\"width\":512,\"height\":341},{\"@type\":\"BreadcrumbList\",\"@id\":\"https:\\\/\\\/servi-maz.com.ar\\\/ingenieriayconstruccion\\\/producto\\\/dimension-gilbarco-octuple\\\/#breadcrumb\",\"itemListElement\":[{\"@type\":\"ListItem\",\"position\":1,\"name\":\"Portada\",\"item\":\"https:\\\/\\\/servi-maz.com.ar\\\/ingenieriayconstruccion\\\/\"},{\"@type\":\"ListItem\",\"position\":2,\"name\":\"Productos\",\"item\":\"https:\\\/\\\/servi-maz.com.ar\\\/ingenieriayconstruccion\\\/shop\\\/\"},{\"@type\":\"ListItem\",\"position\":3,\"name\":\"Dimensi\u00f3n Gilbarco \u00d3ctuple\"}]},{\"@type\":\"WebSite\",\"@id\":\"https:\\\/\\\/servi-maz.com.ar\\\/ingenieriayconstruccion\\\/#website\",\"url\":\"https:\\\/\\\/servi-maz.com.ar\\\/ingenieriayconstruccion\\\/\",\"name\":\"Servi-Maz - .: Ingenier\u00eda y Construcci\u00f3n :. - .: Sitio Oficial :.\",\"description\":\"Construcci\u00f3n y Mantenimiento de Estaciones de Servicio - Servicio Mec\u00e1nico de Surtidores.\",\"publisher\":{\"@id\":\"https:\\\/\\\/servi-maz.com.ar\\\/ingenieriayconstruccion\\\/#organization\"},\"potentialAction\":[{\"@type\":\"SearchAction\",\"target\":{\"@type\":\"EntryPoint\",\"urlTemplate\":\"https:\\\/\\\/servi-maz.com.ar\\\/ingenieriayconstruccion\\\/?s={search_term_string}\"},\"query-input\":{\"@type\":\"PropertyValueSpecification\",\"valueRequired\":true,\"valueName\":\"search_term_string\"}}],\"inLanguage\":\"es\"},{\"@type\":\"Organization\",\"@id\":\"https:\\\/\\\/servi-maz.com.ar\\\/ingenieriayconstruccion\\\/#organization\",\"name\":\"Servi-Maz - .: Ingenier\u00eda y Construcci\u00f3n :. - .: Sitio Oficial :.\",\"url\":\"https:\\\/\\\/servi-maz.com.ar\\\/ingenieriayconstruccion\\\/\",\"logo\":{\"@type\":\"ImageObject\",\"inLanguage\":\"es\",\"@id\":\"https:\\\/\\\/servi-maz.com.ar\\\/ingenieriayconstruccion\\\/#\\\/schema\\\/logo\\\/image\\\/\",\"url\":\"https:\\\/\\\/servi-maz.com.ar\\\/ingenieriayconstruccion\\\/wp-content\\\/uploads\\\/2021\\\/05\\\/logo_servimaz_-1.png\",\"contentUrl\":\"https:\\\/\\\/servi-maz.com.ar\\\/ingenieriayconstruccion\\\/wp-content\\\/uploads\\\/2021\\\/05\\\/logo_servimaz_-1.png\",\"width\":300,\"height\":75,\"caption\":\"Servi-Maz - .: Ingenier\u00eda y Construcci\u00f3n :. - .: Sitio Oficial :.\"},\"image\":{\"@id\":\"https:\\\/\\\/servi-maz.com.ar\\\/ingenieriayconstruccion\\\/#\\\/schema\\\/logo\\\/image\\\/\"},\"sameAs\":[\"https:\\\/\\\/www.facebook.com\\\/servimaz\",\"https:\\\/\\\/www.instagram.com\\\/servimaz\\\/\"]}]}<\/script>\n<!-- \/ Yoast SEO plugin. -->","yoast_head_json":{"title":"Dimensi\u00f3n Gilbarco \u00d3ctuple - Servi-Maz - .: Ingenier\u00eda y Construcci\u00f3n :. - .: Sitio Oficial :.","robots":{"index":"index","follow":"follow","max-snippet":"max-snippet:-1","max-image-preview":"max-image-preview:large","max-video-preview":"max-video-preview:-1"},"canonical":"https:\/\/servi-maz.com.ar\/ingenieriayconstruccion\/producto\/dimension-gilbarco-octuple\/","og_locale":"es_ES","og_type":"article","og_title":"Dimensi\u00f3n Gilbarco \u00d3ctuple - Servi-Maz - .: Ingenier\u00eda y Construcci\u00f3n :. - .: Sitio Oficial :.","og_description":"Surtidor \/ Dispensador Marca: Gilbarco Modelo: Dimensi\u00f3n Configuraci\u00f3n: \u00d3ctuple","og_url":"https:\/\/servi-maz.com.ar\/ingenieriayconstruccion\/producto\/dimension-gilbarco-octuple\/","og_site_name":"Servi-Maz - .: Ingenier\u00eda y Construcci\u00f3n :. - .: Sitio Oficial :.","article_publisher":"https:\/\/www.facebook.com\/servimaz","article_modified_time":"2021-06-02T20:28:19+00:00","og_image":[{"width":512,"height":341,"url":"https:\/\/servi-maz.com.ar\/ingenieriayconstruccion\/wp-content\/uploads\/2021\/06\/dimension-octuple.jpg","type":"image\/jpeg"}],"twitter_card":"summary_large_image","schema":{"@context":"https:\/\/schema.org","@graph":[{"@type":"WebPage","@id":"https:\/\/servi-maz.com.ar\/ingenieriayconstruccion\/producto\/dimension-gilbarco-octuple\/","url":"https:\/\/servi-maz.com.ar\/ingenieriayconstruccion\/producto\/dimension-gilbarco-octuple\/","name":"Dimensi\u00f3n Gilbarco \u00d3ctuple - Servi-Maz - .: Ingenier\u00eda y Construcci\u00f3n :. - .: Sitio Oficial :.","isPartOf":{"@id":"https:\/\/servi-maz.com.ar\/ingenieriayconstruccion\/#website"},"primaryImageOfPage":{"@id":"https:\/\/servi-maz.com.ar\/ingenieriayconstruccion\/producto\/dimension-gilbarco-octuple\/#primaryimage"},"image":{"@id":"https:\/\/servi-maz.com.ar\/ingenieriayconstruccion\/producto\/dimension-gilbarco-octuple\/#primaryimage"},"thumbnailUrl":"https:\/\/servi-maz.com.ar\/ingenieriayconstruccion\/wp-content\/uploads\/2021\/06\/dimension-octuple.jpg","datePublished":"2021-06-02T20:27:40+00:00","dateModified":"2021-06-02T20:28:19+00:00","breadcrumb":{"@id":"https:\/\/servi-maz.com.ar\/ingenieriayconstruccion\/producto\/dimension-gilbarco-octuple\/#breadcrumb"},"inLanguage":"es","potentialAction":[{"@type":"ReadAction","target":["https:\/\/servi-maz.com.ar\/ingenieriayconstruccion\/producto\/dimension-gilbarco-octuple\/"]}]},{"@type":"ImageObject","inLanguage":"es","@id":"https:\/\/servi-maz.com.ar\/ingenieriayconstruccion\/producto\/dimension-gilbarco-octuple\/#primaryimage","url":"https:\/\/servi-maz.com.ar\/ingenieriayconstruccion\/wp-content\/uploads\/2021\/06\/dimension-octuple.jpg","contentUrl":"https:\/\/servi-maz.com.ar\/ingenieriayconstruccion\/wp-content\/uploads\/2021\/06\/dimension-octuple.jpg","width":512,"height":341},{"@type":"BreadcrumbList","@id":"https:\/\/servi-maz.com.ar\/ingenieriayconstruccion\/producto\/dimension-gilbarco-octuple\/#breadcrumb","itemListElement":[{"@type":"ListItem","position":1,"name":"Portada","item":"https:\/\/servi-maz.com.ar\/ingenieriayconstruccion\/"},{"@type":"ListItem","position":2,"name":"Productos","item":"https:\/\/servi-maz.com.ar\/ingenieriayconstruccion\/shop\/"},{"@type":"ListItem","position":3,"name":"Dimensi\u00f3n Gilbarco \u00d3ctuple"}]},{"@type":"WebSite","@id":"https:\/\/servi-maz.com.ar\/ingenieriayconstruccion\/#website","url":"https:\/\/servi-maz.com.ar\/ingenieriayconstruccion\/","name":"Servi-Maz - .: Ingenier\u00eda y Construcci\u00f3n :. - .: Sitio Oficial :.","description":"Construcci\u00f3n y Mantenimiento de Estaciones de Servicio - Servicio Mec\u00e1nico de Surtidores.","publisher":{"@id":"https:\/\/servi-maz.com.ar\/ingenieriayconstruccion\/#organization"},"potentialAction":[{"@type":"SearchAction","target":{"@type":"EntryPoint","urlTemplate":"https:\/\/servi-maz.com.ar\/ingenieriayconstruccion\/?s={search_term_string}"},"query-input":{"@type":"PropertyValueSpecification","valueRequired":true,"valueName":"search_term_string"}}],"inLanguage":"es"},{"@type":"Organization","@id":"https:\/\/servi-maz.com.ar\/ingenieriayconstruccion\/#organization","name":"Servi-Maz - .: Ingenier\u00eda y Construcci\u00f3n :. - .: Sitio Oficial :.","url":"https:\/\/servi-maz.com.ar\/ingenieriayconstruccion\/","logo":{"@type":"ImageObject","inLanguage":"es","@id":"https:\/\/servi-maz.com.ar\/ingenieriayconstruccion\/#\/schema\/logo\/image\/","url":"https:\/\/servi-maz.com.ar\/ingenieriayconstruccion\/wp-content\/uploads\/2021\/05\/logo_servimaz_-1.png","contentUrl":"https:\/\/servi-maz.com.ar\/ingenieriayconstruccion\/wp-content\/uploads\/2021\/05\/logo_servimaz_-1.png","width":300,"height":75,"caption":"Servi-Maz - .: Ingenier\u00eda y Construcci\u00f3n :. - .: Sitio Oficial :."},"image":{"@id":"https:\/\/servi-maz.com.ar\/ingenieriayconstruccion\/#\/schema\/logo\/image\/"},"sameAs":["https:\/\/www.facebook.com\/servimaz","https:\/\/www.instagram.com\/servimaz\/"]}]}},"_links":{"self":[{"href":"https:\/\/servi-maz.com.ar\/ingenieriayconstruccion\/wp-json\/wp\/v2\/product\/2135","targetHints":{"allow":["GET"]}}],"collection":[{"href":"https:\/\/servi-maz.com.ar\/ingenieriayconstruccion\/wp-json\/wp\/v2\/product"}],"about":[{"href":"https:\/\/servi-maz.com.ar\/ingenieriayconstruccion\/wp-json\/wp\/v2\/types\/product"}],"wp:featuredmedia":[{"embeddable":true,"href":"https:\/\/servi-maz.com.ar\/ingenieriayconstruccion\/wp-json\/wp\/v2\/media\/2132"}],"wp:attachment":[{"href":"https:\/\/servi-maz.com.ar\/ingenieriayconstruccion\/wp-json\/wp\/v2\/media?parent=2135"}],"wp:term":[{"taxonomy":"product_brand","embeddable":true,"href":"https:\/\/servi-maz.com.ar\/ingenieriayconstruccion\/wp-json\/wp\/v2\/product_brand?post=2135"},{"taxonomy":"product_cat","embeddable":true,"href":"https:\/\/servi-maz.com.ar\/ingenieriayconstruccion\/wp-json\/wp\/v2\/product_cat?post=2135"},{"taxonomy":"product_tag","embeddable":true,"href":"https:\/\/servi-maz.com.ar\/ingenieriayconstruccion\/wp-json\/wp\/v2\/product_tag?post=2135"}],"curies":[{"name":"wp","href":"https:\/\/api.w.org\/{rel}","templated":true}]}}